{"id":113,"date":"2025-10-03T11:42:32","date_gmt":"2025-10-03T09:42:32","guid":{"rendered":"https:\/\/arwedys.com\/?page_id=113"},"modified":"2025-12-01T09:14:15","modified_gmt":"2025-12-01T08:14:15","slug":"accueil","status":"publish","type":"page","link":"https:\/\/arwedys.com\/","title":{"rendered":"Accueil"},"content":{"rendered":"\t\t<div data-elementor-type=\"wp-page\" data-elementor-id=\"113\" class=\"elementor elementor-113\">\n\t\t\t\t<div class=\"elementor-element elementor-element-9538b54 e-con-full e-flex e-con e-parent\" data-id=\"9538b54\" data-element_type=\"container\" data-e-type=\"container\" data-settings=\"{&quot;background_background&quot;:&quot;classic&quot;}\">\n\t\t\t\t<div class=\"elementor-element elementor-element-fb11819 elementor-widget elementor-widget-image\" data-id=\"fb11819\" data-element_type=\"widget\" data-e-type=\"widget\" data-widget_type=\"image.default\">\n\t\t\t\t\t\t\t\t\t\t\t\t\t\t\t<img fetchpriority=\"high\" decoding=\"async\" width=\"800\" height=\"620\" src=\"https:\/\/arwedys.com\/wp-content\/uploads\/2025\/10\/arwedys2-1024x793.webp\" class=\"attachment-large size-large wp-image-224\" alt=\"Logo arwedys GAD2V\" srcset=\"https:\/\/arwedys.com\/wp-content\/uploads\/2025\/10\/arwedys2-1024x793.webp 1024w, https:\/\/arwedys.com\/wp-content\/uploads\/2025\/10\/arwedys2-300x232.webp 300w, https:\/\/arwedys.com\/wp-content\/uploads\/2025\/10\/arwedys2-768x594.webp 768w, https:\/\/arwedys.com\/wp-content\/uploads\/2025\/10\/arwedys2-1536x1189.webp 1536w, https:\/\/arwedys.com\/wp-content\/uploads\/2025\/10\/arwedys2-2048x1585.webp 2048w\" sizes=\"(max-width: 800px) 100vw, 800px\" \/>\t\t\t\t\t\t\t\t\t\t\t\t\t\t\t<\/div>\n\t\t\t\t<\/div>\n\t\t<div class=\"elementor-element elementor-element-a5c49b9 e-flex e-con-boxed e-con e-parent\" data-id=\"a5c49b9\" data-element_type=\"container\" data-e-type=\"container\" data-settings=\"{&quot;background_background&quot;:&quot;classic&quot;}\">\n\t\t\t\t\t<div class=\"e-con-inner\">\n\t\t<div class=\"elementor-element elementor-element-51a72e5 e-con-full e-flex e-con e-child\" data-id=\"51a72e5\" data-element_type=\"container\" data-e-type=\"container\">\n\t\t\t\t<div class=\"elementor-element elementor-element-36c8764 elementor-widget elementor-widget-heading\" data-id=\"36c8764\" data-element_type=\"widget\" data-e-type=\"widget\" data-widget_type=\"heading.default\">\n\t\t\t\t\t<h1 class=\"elementor-heading-title elementor-size-default\">GAD2V G\u00e9n\u00e9rateur\naquadynamique \u00e0\nvolume variable<\/h1>\t\t\t\t<\/div>\n\t\t\t\t<div class=\"elementor-element elementor-element-546370e elementor-widget elementor-widget-text-editor\" data-id=\"546370e\" data-element_type=\"widget\" data-e-type=\"widget\" data-widget_type=\"text-editor.default\">\n\t\t\t\t\t\t\t\t\t<p class=\"p1\">Il s\u2019agit d\u2019un dispositif \u00e9lectrom\u00e9canique autonome, qui transforme la pouss\u00e9e d\u2019Archim\u00e8de via des ballasts immerg\u00e9s en \u00e9nergie \u00e9lectrique.<\/p><p class=\"p1\">Gr\u00e2ce \u00e0 un syst\u00e8me m\u00e9canique ing\u00e9nieux (cha\u00eene inox, poulies, multiplicateurs), il atteint un rendement sup\u00e9rieur \u00e0 70 %, avec une production pouvant atteindre 6 000 Wh, tout en \u00e9tant insensible aux al\u00e9as climatiques.<\/p>\t\t\t\t\t\t\t\t<\/div>\n\t\t\t\t<\/div>\n\t\t<div class=\"elementor-element elementor-element-2d3d21b e-con-full e-flex e-con e-child\" data-id=\"2d3d21b\" data-element_type=\"container\" data-e-type=\"container\">\n\t\t\t\t<div class=\"elementor-element elementor-element-f05639c elementor-widget elementor-widget-image\" data-id=\"f05639c\" data-element_type=\"widget\" data-e-type=\"widget\" data-widget_type=\"image.default\">\n\t\t\t\t\t\t\t\t\t\t\t\t\t\t\t<img decoding=\"async\" width=\"591\" height=\"1024\" src=\"https:\/\/arwedys.com\/wp-content\/uploads\/2025\/10\/GAD2V-2-591x1024.png\" class=\"attachment-large size-large wp-image-140\" alt=\"\" srcset=\"https:\/\/arwedys.com\/wp-content\/uploads\/2025\/10\/GAD2V-2-591x1024.png 591w, https:\/\/arwedys.com\/wp-content\/uploads\/2025\/10\/GAD2V-2-173x300.png 173w, https:\/\/arwedys.com\/wp-content\/uploads\/2025\/10\/GAD2V-2-768x1331.png 768w, https:\/\/arwedys.com\/wp-content\/uploads\/2025\/10\/GAD2V-2-886x1536.png 886w, https:\/\/arwedys.com\/wp-content\/uploads\/2025\/10\/GAD2V-2.png 1158w\" sizes=\"(max-width: 591px) 100vw, 591px\" \/>\t\t\t\t\t\t\t\t\t\t\t\t\t\t\t<\/div>\n\t\t\t\t<\/div>\n\t\t\t\t\t<\/div>\n\t\t\t\t<\/div>\n\t\t<div class=\"elementor-element elementor-element-b334a86 e-flex e-con-boxed e-con e-parent\" data-id=\"b334a86\" data-element_type=\"container\" data-e-type=\"container\" data-settings=\"{&quot;background_background&quot;:&quot;classic&quot;}\">\n\t\t\t\t\t<div class=\"e-con-inner\">\n\t\t<div class=\"elementor-element elementor-element-367b0d5 e-con-full e-flex e-con e-child\" data-id=\"367b0d5\" data-element_type=\"container\" data-e-type=\"container\">\n\t\t\t\t<div class=\"elementor-element elementor-element-1430a32 elementor-widget elementor-widget-heading\" data-id=\"1430a32\" data-element_type=\"widget\" data-e-type=\"widget\" data-widget_type=\"heading.default\">\n\t\t\t\t\t<h2 class=\"elementor-heading-title elementor-size-default\">Principe de Fonctionnement :<\/h2>\t\t\t\t<\/div>\n\t\t\t\t<div class=\"elementor-element elementor-element-2ee5f61 elementor-widget elementor-widget-text-editor\" data-id=\"2ee5f61\" data-element_type=\"widget\" data-e-type=\"widget\" data-widget_type=\"text-editor.default\">\n\t\t\t\t\t\t\t\t\t<p class=\"p1\">Le syst\u00e8me est compos\u00e9 de deux ballasts qui alternent leur position (haut\/bas) dans une colonne d\u2019eau.<\/p><p class=\"p1\">\u00c0 leur position basse, les ballasts se remplissent d\u2019air comprim\u00e9, expulsant l\u2019eau contenue \u00e0 l\u2019int\u00e9rieur, puis remontent par la pouss\u00e9e d\u2019Archim\u00e8de.<\/p><p class=\"p1\">Une fois en haut, les ballasts lib\u00e8rent l&rsquo;air et se remplissent d&rsquo;eau, ce qui provoque leur descente gr\u00e2ce au poids de l&rsquo;eau accumul\u00e9e.<\/p><p class=\"p1\">Ces mouvements continus font tourner une cha\u00eene inox reli\u00e9e \u00e0 une transmission m\u00e9canique, entra\u00eenant des g\u00e9n\u00e9ratrices \u00e9lectriques.<\/p>\t\t\t\t\t\t\t\t<\/div>\n\t\t\t\t<div class=\"elementor-element elementor-element-b621b70 elementor-widget elementor-widget-heading\" data-id=\"b621b70\" data-element_type=\"widget\" data-e-type=\"widget\" data-widget_type=\"heading.default\">\n\t\t\t\t\t<h2 class=\"elementor-heading-title elementor-size-default\">Origine du projet<\/h2>\t\t\t\t<\/div>\n\t\t\t\t<div class=\"elementor-element elementor-element-287a1de elementor-widget elementor-widget-text-editor\" data-id=\"287a1de\" data-element_type=\"widget\" data-e-type=\"widget\" data-widget_type=\"text-editor.default\">\n\t\t\t\t\t\t\t\t\t<p class=\"p1\">Face aux limites des syst\u00e8mes classiques de production d\u2019\u00e9nergie renouvelable \u2013 d\u00e9pendance aux conditions climatiques, faible rendement, co\u00fbts \u00e9lev\u00e9s d\u2019installation \u2013 le GAD2V (G\u00e9n\u00e9rateur Aqua Dynamic \u00e0 Volumes Variables) a \u00e9t\u00e9 imagin\u00e9 comme une solution robuste, autonome et optimis\u00e9e, capable de produire de l\u2019\u00e9lectricit\u00e9 de mani\u00e8re continue, propre et efficace.<\/p><p class=\"p1\">Con\u00e7u par Jean-Jacques Topalian, ing\u00e9nieur en m\u00e9canique et microm\u00e9canique, fort de plus de 15 ans d\u2019exp\u00e9rience en robotique, le GAD2V s\u2019inscrit dans une d\u00e9marche d\u2019innovation technique radicale, fond\u00e9e sur des principes physiques \u00e9prouv\u00e9s (la pouss\u00e9e d\u2019Archim\u00e8de) int\u00e9gr\u00e9s \u00e0 des m\u00e9caniques de pr\u00e9cision et \u00e0 un pilotage automatis\u00e9.<\/p><p class=\"p1\">Le projet a \u00e9t\u00e9 initi\u00e9 dans un cadre de recherche appliqu\u00e9e, avec pour objectif de produire une \u00e9nergie renouvelable \u00e0 faible co\u00fbt et sans intermittence. Le prototype fonctionnel, enti\u00e8rement con\u00e7u, usin\u00e9 et assembl\u00e9 en interne, a valid\u00e9 la pertinence du concept, ouvrant la voie \u00e0 une industrialisation \u00e0 grande \u00e9chelle.<\/p>\t\t\t\t\t\t\t\t<\/div>\n\t\t\t\t<div class=\"elementor-element elementor-element-e7b6b65 elementor-widget elementor-widget-button\" data-id=\"e7b6b65\" data-element_type=\"widget\" data-e-type=\"widget\" data-widget_type=\"button.default\">\n\t\t\t\t\t\t\t\t\t\t<a class=\"elementor-button elementor-button-link elementor-size-sm\" href=\"https:\/\/jeanjacquestopalian.com\/le-gad2v-generateur-aquadynamique-a-volume-variable\/\" target=\"_blank\">\n\t\t\t\t\t\t<span class=\"elementor-button-content-wrapper\">\n\t\t\t\t\t\t\t\t\t<span class=\"elementor-button-text\">Lire l'article<\/span>\n\t\t\t\t\t<\/span>\n\t\t\t\t\t<\/a>\n\t\t\t\t\t\t\t\t<\/div>\n\t\t\t\t<\/div>\n\t\t<div class=\"elementor-element elementor-element-da6e6dc e-con-full e-flex e-con e-child\" data-id=\"da6e6dc\" data-element_type=\"container\" data-e-type=\"container\">\n\t\t\t\t<div class=\"elementor-element elementor-element-fd732a1 elementor-widget elementor-widget-image\" data-id=\"fd732a1\" data-element_type=\"widget\" data-e-type=\"widget\" data-widget_type=\"image.default\">\n\t\t\t\t\t\t\t\t\t\t\t\t\t\t\t<img decoding=\"async\" width=\"405\" height=\"1024\" src=\"https:\/\/arwedys.com\/wp-content\/uploads\/2025\/05\/Assemblage-GAD2V-P5-405x1024.png\" class=\"attachment-large size-large wp-image-56\" alt=\"\" srcset=\"https:\/\/arwedys.com\/wp-content\/uploads\/2025\/05\/Assemblage-GAD2V-P5-405x1024.png 405w, https:\/\/arwedys.com\/wp-content\/uploads\/2025\/05\/Assemblage-GAD2V-P5-119x300.png 119w, https:\/\/arwedys.com\/wp-content\/uploads\/2025\/05\/Assemblage-GAD2V-P5-768x1941.png 768w, https:\/\/arwedys.com\/wp-content\/uploads\/2025\/05\/Assemblage-GAD2V-P5-608x1536.png 608w, https:\/\/arwedys.com\/wp-content\/uploads\/2025\/05\/Assemblage-GAD2V-P5-810x2048.png 810w, https:\/\/arwedys.com\/wp-content\/uploads\/2025\/05\/Assemblage-GAD2V-P5-59x150.png 59w, https:\/\/arwedys.com\/wp-content\/uploads\/2025\/05\/Assemblage-GAD2V-P5.png 880w\" sizes=\"(max-width: 405px) 100vw, 405px\" \/>\t\t\t\t\t\t\t\t\t\t\t\t\t\t\t<\/div>\n\t\t\t\t<\/div>\n\t\t\t\t\t<\/div>\n\t\t\t\t<\/div>\n\t\t\t\t<\/div>\n\t\t","protected":false},"excerpt":{"rendered":"<p>GAD2V G\u00e9n\u00e9rateur aquadynamique \u00e0 volume variable Il s\u2019agit d\u2019un dispositif \u00e9lectrom\u00e9canique autonome, qui transforme la pouss\u00e9e d\u2019Archim\u00e8de via des ballasts immerg\u00e9s en \u00e9nergie \u00e9lectrique. Gr\u00e2ce \u00e0 un syst\u00e8me m\u00e9canique ing\u00e9nieux (cha\u00eene inox, poulies, multiplicateurs), il atteint un rendement sup\u00e9rieur \u00e0 70 %, avec une production pouvant atteindre 6 000 Wh, tout en \u00e9tant insensible aux [&hellip;]<\/p>\n","protected":false},"author":1,"featured_media":0,"parent":0,"menu_order":0,"comment_status":"closed","ping_status":"closed","template":"","meta":{"footnotes":""},"class_list":["post-113","page","type-page","status-publish","hentry"],"_links":{"self":[{"href":"https:\/\/arwedys.com\/index.php\/wp-json\/wp\/v2\/pages\/113","targetHints":{"allow":["GET"]}}],"collection":[{"href":"https:\/\/arwedys.com\/index.php\/wp-json\/wp\/v2\/pages"}],"about":[{"href":"https:\/\/arwedys.com\/index.php\/wp-json\/wp\/v2\/types\/page"}],"author":[{"embeddable":true,"href":"https:\/\/arwedys.com\/index.php\/wp-json\/wp\/v2\/users\/1"}],"replies":[{"embeddable":true,"href":"https:\/\/arwedys.com\/index.php\/wp-json\/wp\/v2\/comments?post=113"}],"version-history":[{"count":84,"href":"https:\/\/arwedys.com\/index.php\/wp-json\/wp\/v2\/pages\/113\/revisions"}],"predecessor-version":[{"id":422,"href":"https:\/\/arwedys.com\/index.php\/wp-json\/wp\/v2\/pages\/113\/revisions\/422"}],"wp:attachment":[{"href":"https:\/\/arwedys.com\/index.php\/wp-json\/wp\/v2\/media?parent=113"}],"curies":[{"name":"wp","href":"https:\/\/api.w.org\/{rel}","templated":true}]}}