{"id":177,"date":"2025-10-06T10:19:05","date_gmt":"2025-10-06T08:19:05","guid":{"rendered":"https:\/\/arwedys.com\/?page_id=177"},"modified":"2025-10-16T12:15:13","modified_gmt":"2025-10-16T10:15:13","slug":"donation","status":"publish","type":"page","link":"https:\/\/arwedys.com\/index.php\/donation\/","title":{"rendered":"Donation"},"content":{"rendered":"\t\t<div data-elementor-type=\"wp-page\" data-elementor-id=\"177\" class=\"elementor elementor-177\">\n\t\t\t\t<div class=\"elementor-element elementor-element-1f39b25 e-flex e-con-boxed e-con e-parent\" data-id=\"1f39b25\" data-element_type=\"container\" data-e-type=\"container\" data-settings=\"{&quot;background_background&quot;:&quot;classic&quot;}\">\n\t\t\t\t\t<div class=\"e-con-inner\">\n\t\t\t\t<div class=\"elementor-element elementor-element-16e5253 elementor-widget elementor-widget-image\" data-id=\"16e5253\" data-element_type=\"widget\" data-e-type=\"widget\" data-widget_type=\"image.default\">\n\t\t\t\t\t\t\t\t\t\t\t\t\t\t\t<img fetchpriority=\"high\" decoding=\"async\" width=\"800\" height=\"631\" src=\"https:\/\/arwedys.com\/wp-content\/uploads\/2025\/10\/Arwedys-logo-donation-1024x808.webp\" class=\"attachment-large size-large wp-image-268\" alt=\"\" srcset=\"https:\/\/arwedys.com\/wp-content\/uploads\/2025\/10\/Arwedys-logo-donation-1024x808.webp 1024w, https:\/\/arwedys.com\/wp-content\/uploads\/2025\/10\/Arwedys-logo-donation-300x237.webp 300w, https:\/\/arwedys.com\/wp-content\/uploads\/2025\/10\/Arwedys-logo-donation-768x606.webp 768w, https:\/\/arwedys.com\/wp-content\/uploads\/2025\/10\/Arwedys-logo-donation-1536x1212.webp 1536w, https:\/\/arwedys.com\/wp-content\/uploads\/2025\/10\/Arwedys-logo-donation-2048x1616.webp 2048w\" sizes=\"(max-width: 800px) 100vw, 800px\" \/>\t\t\t\t\t\t\t\t\t\t\t\t\t\t\t<\/div>\n\t\t\t\t<div class=\"elementor-element elementor-element-7f419ca elementor-widget elementor-widget-heading\" data-id=\"7f419ca\" data-element_type=\"widget\" data-e-type=\"widget\" data-widget_type=\"heading.default\">\n\t\t\t\t\t<h2 class=\"elementor-heading-title elementor-size-default\">SOUTENEZ ARWEDYS<\/h2>\t\t\t\t<\/div>\n\t\t\t\t<div class=\"elementor-element elementor-element-9760536 elementor-widget elementor-widget-text-editor\" data-id=\"9760536\" data-element_type=\"widget\" data-e-type=\"widget\" data-widget_type=\"text-editor.default\">\n\t\t\t\t\t\t\t\t\t<p class=\"p1\">Acc\u00e9l\u00e9rez le d\u00e9veloppement du GAD2V &#8211; g\u00e9n\u00e9rateur aquadynamique \u00e0 volume variable &#8211; et aidez nous \u00e0 transformer la pouss\u00e9e d&rsquo;Archim\u00e8de en \u00e9nergie propre, continue et accessible.<\/p>\t\t\t\t\t\t\t\t<\/div>\n\t\t\t\t\t<\/div>\n\t\t\t\t<\/div>\n\t\t<div class=\"elementor-element elementor-element-ed74dd4 e-flex e-con-boxed e-con e-parent\" data-id=\"ed74dd4\" data-element_type=\"container\" data-e-type=\"container\">\n\t\t\t\t\t<div class=\"e-con-inner\">\n\t\t\t\t<div class=\"elementor-element elementor-element-c53be2f elementor-widget elementor-widget-heading\" data-id=\"c53be2f\" data-element_type=\"widget\" data-e-type=\"widget\" data-widget_type=\"heading.default\">\n\t\t\t\t\t<h2 class=\"elementor-heading-title elementor-size-default\">Pourquoi faire votre don compte<\/h2>\t\t\t\t<\/div>\n\t\t\t\t<div class=\"elementor-element elementor-element-39831f2 elementor-widget elementor-widget-text-editor\" data-id=\"39831f2\" data-element_type=\"widget\" data-e-type=\"widget\" data-widget_type=\"text-editor.default\">\n\t\t\t\t\t\t\t\t\t<p class=\"p1\">Vos contributions financent directement la R&amp;D, prototypage, essais longue dur\u00e9e, bancs de test, instrumentation et s\u00e9curisation industriel du GADZV.<\/p><p class=\"p1\">Notre objectif &#8211; d\u00e9montrer \u00e0 l&rsquo;\u00e9chelle pilote une production continue et insensible aux al\u00e9as climatiques.<\/p>\t\t\t\t\t\t\t\t<\/div>\n\t\t\t\t\t<\/div>\n\t\t\t\t<\/div>\n\t\t<div class=\"elementor-element elementor-element-1e5df60 e-flex e-con-boxed e-con e-parent\" data-id=\"1e5df60\" data-element_type=\"container\" data-e-type=\"container\" data-settings=\"{&quot;background_background&quot;:&quot;classic&quot;}\">\n\t\t\t\t\t<div class=\"e-con-inner\">\n\t\t<div class=\"elementor-element elementor-element-0e84f56 e-grid e-con-full e-con e-child\" data-id=\"0e84f56\" data-element_type=\"container\" data-e-type=\"container\">\n\t\t<div class=\"elementor-element elementor-element-daf9bc3 e-con-full e-flex e-con e-child\" data-id=\"daf9bc3\" data-element_type=\"container\" data-e-type=\"container\">\n\t\t\t\t<div class=\"elementor-element elementor-element-f4d7b29 elementor-widget elementor-widget-heading\" data-id=\"f4d7b29\" data-element_type=\"widget\" data-e-type=\"widget\" data-widget_type=\"heading.default\">\n\t\t\t\t\t<h2 class=\"elementor-heading-title elementor-size-default\">\" Impact<\/h2>\t\t\t\t<\/div>\n\t\t\t\t<div class=\"elementor-element elementor-element-e7bca99 elementor-widget elementor-widget-text-editor\" data-id=\"e7bca99\" data-element_type=\"widget\" data-e-type=\"widget\" data-widget_type=\"text-editor.default\">\n\t\t\t\t\t\t\t\t\t<p class=\"p1\">Transformer la pouss\u00e9e d\u2019Archim\u00e8de en une \u00e9nergie propre et continue, accessible \u00e0 tous.<\/p>\t\t\t\t\t\t\t\t<\/div>\n\t\t\t\t<\/div>\n\t\t<div class=\"elementor-element elementor-element-1b7964e e-con-full e-flex e-con e-child\" data-id=\"1b7964e\" data-element_type=\"container\" data-e-type=\"container\">\n\t\t\t\t<div class=\"elementor-element elementor-element-98031a1 elementor-widget elementor-widget-heading\" data-id=\"98031a1\" data-element_type=\"widget\" data-e-type=\"widget\" data-widget_type=\"heading.default\">\n\t\t\t\t\t<h2 class=\"elementor-heading-title elementor-size-default\">\" Trajectoire<\/h2>\t\t\t\t<\/div>\n\t\t\t\t<div class=\"elementor-element elementor-element-faeec8f elementor-widget elementor-widget-text-editor\" data-id=\"faeec8f\" data-element_type=\"widget\" data-e-type=\"widget\" data-widget_type=\"text-editor.default\">\n\t\t\t\t\t\t\t\t\t<p class=\"p1\">De la recherche au d\u00e9ploiement industriel, nous avan\u00e7ons \u00e9tape par \u00e9tape vers une production d\u2019\u00e9nergie durable \u00e0 grande \u00e9chelle.<\/p>\t\t\t\t\t\t\t\t<\/div>\n\t\t\t\t<\/div>\n\t\t<div class=\"elementor-element elementor-element-b38f9a6 e-con-full e-flex e-con e-child\" data-id=\"b38f9a6\" data-element_type=\"container\" data-e-type=\"container\">\n\t\t\t\t<div class=\"elementor-element elementor-element-d366b83 elementor-widget elementor-widget-heading\" data-id=\"d366b83\" data-element_type=\"widget\" data-e-type=\"widget\" data-widget_type=\"heading.default\">\n\t\t\t\t\t<h2 class=\"elementor-heading-title elementor-size-default\">\" Transparence<\/h2>\t\t\t\t<\/div>\n\t\t\t\t<div class=\"elementor-element elementor-element-a1b8d58 elementor-widget elementor-widget-text-editor\" data-id=\"a1b8d58\" data-element_type=\"widget\" data-e-type=\"widget\" data-widget_type=\"text-editor.default\">\n\t\t\t\t\t\t\t\t\t<p class=\"p1\">Chaque contribution est trac\u00e9e et d\u00e9di\u00e9e exclusivement \u00e0 la R&amp;D, aux tests et \u00e0 la s\u00e9curisation du g\u00e9n\u00e9rateur.<\/p>\t\t\t\t\t\t\t\t<\/div>\n\t\t\t\t<\/div>\n\t\t\t\t<\/div>\n\t\t\t\t\t<\/div>\n\t\t\t\t<\/div>\n\t\t<div class=\"elementor-element elementor-element-b86ae5d e-flex e-con-boxed e-con e-parent\" data-id=\"b86ae5d\" data-element_type=\"container\" data-e-type=\"container\">\n\t\t\t\t\t<div class=\"e-con-inner\">\n\t\t\t\t<div class=\"elementor-element elementor-element-b071273 elementor-align-center elementor-widget elementor-widget-button\" data-id=\"b071273\" data-element_type=\"widget\" data-e-type=\"widget\" data-widget_type=\"button.default\">\n\t\t\t\t\t\t\t\t\t\t<a class=\"elementor-button elementor-button-link elementor-size-sm\" href=\"mailto:donation@arwedys.com\">\n\t\t\t\t\t\t<span class=\"elementor-button-content-wrapper\">\n\t\t\t\t\t\t\t\t\t<span class=\"elementor-button-text\">Faire un don maintenant<\/span>\n\t\t\t\t\t<\/span>\n\t\t\t\t\t<\/a>\n\t\t\t\t\t\t\t\t<\/div>\n\t\t\t\t\t<\/div>\n\t\t\t\t<\/div>\n\t\t\t\t<\/div>\n\t\t","protected":false},"excerpt":{"rendered":"<p>SOUTENEZ ARWEDYS Acc\u00e9l\u00e9rez le d\u00e9veloppement du GAD2V &#8211; g\u00e9n\u00e9rateur aquadynamique \u00e0 volume variable &#8211; et aidez nous \u00e0 transformer la pouss\u00e9e d&rsquo;Archim\u00e8de en \u00e9nergie propre, continue et accessible. Pourquoi faire votre don compte Vos contributions financent directement la R&amp;D, prototypage, essais longue dur\u00e9e, bancs de test, instrumentation et s\u00e9curisation industriel du GADZV. Notre objectif &#8211; [&hellip;]<\/p>\n","protected":false},"author":1,"featured_media":0,"parent":0,"menu_order":0,"comment_status":"closed","ping_status":"closed","template":"","meta":{"footnotes":""},"class_list":["post-177","page","type-page","status-publish","hentry"],"_links":{"self":[{"href":"https:\/\/arwedys.com\/index.php\/wp-json\/wp\/v2\/pages\/177","targetHints":{"allow":["GET"]}}],"collection":[{"href":"https:\/\/arwedys.com\/index.php\/wp-json\/wp\/v2\/pages"}],"about":[{"href":"https:\/\/arwedys.com\/index.php\/wp-json\/wp\/v2\/types\/page"}],"author":[{"embeddable":true,"href":"https:\/\/arwedys.com\/index.php\/wp-json\/wp\/v2\/users\/1"}],"replies":[{"embeddable":true,"href":"https:\/\/arwedys.com\/index.php\/wp-json\/wp\/v2\/comments?post=177"}],"version-history":[{"count":63,"href":"https:\/\/arwedys.com\/index.php\/wp-json\/wp\/v2\/pages\/177\/revisions"}],"predecessor-version":[{"id":397,"href":"https:\/\/arwedys.com\/index.php\/wp-json\/wp\/v2\/pages\/177\/revisions\/397"}],"wp:attachment":[{"href":"https:\/\/arwedys.com\/index.php\/wp-json\/wp\/v2\/media?parent=177"}],"curies":[{"name":"wp","href":"https:\/\/api.w.org\/{rel}","templated":true}]}}